{"id":1967,"date":"2019-08-10T15:02:35","date_gmt":"2019-08-10T13:02:35","guid":{"rendered":"https:\/\/www.recette-sisso.fr\/lafab\/la-fab\/"},"modified":"2024-12-05T18:51:56","modified_gmt":"2024-12-05T17:51:56","slug":"la-fab","status":"publish","type":"page","link":"https:\/\/la-fab.com\/en\/la-fab\/","title":{"rendered":"La Fab."},"content":{"rendered":"\n<h2 class=\"has-text-align-center helvetica rouge titre_page wp-block-heading\"><br><\/h2>\n\n\n\n<h2 class=\"has-vivid-red-color has-text-color has-large-font-size wp-block-heading\">La Fab. <\/h2>\n\n\n\n<p class=\"has-medium-font-size\"><strong><strong>Stylist, philanthropist and art collector agn\u00e8s b. has promoted artistic creation under all its forms, the environment and solidarity for many years.<\/strong><\/strong><\/p>\n\n\n\n<p class=\"has-medium-font-size\"><strong><strong>\u201cLa Fab.\u201d aims at bringing all these activities together under one single roof.<\/strong><\/strong><\/p>\n\n\n\n<p class=\"has-medium-font-size\" style=\"font-style:normal;font-weight:400\">Launched on February 1<sup>st<\/sup>, 2020, La Fab. presented a first exhibition entitled \u201cLa hardiesse\u201d (The boldness), which agn\u00e8s, as a galerist since 1983, curated with the help of the historical team of galerie du jour. <\/p>\n\n\n\n<p class=\"has-medium-font-size\" style=\"font-style:normal;font-weight:400\">La Fab. also includes \u201cla galerie du jour\u201d, which becomes a kind of house where everything is for sale: paintings, sculptures, photographs, some furniture &#8230; agn\u00e8s finds herself \u201censembli\u00e8re\u201d as she likes to say.<\/p>\n\n\n\n<p class=\"has-medium-font-size\" style=\"font-style:normal;font-weight:400\">\u201cLa librairie du jour\u201d is a bookstore where publishers are invited to contribute to the selection and presentation of works on display. A program of signing, conferences and artist meetings is organized on a regular basis within the bookshop. Le point d\u2019ironie is distributed here.<\/p>\n\n\n\n<p class=\"has-medium-font-size\" style=\"font-style:normal;font-weight:400\">Finally, La Fab. spotlights the social and humanitarian actions supported by fonds de dotation agn\u00e8s b., as well as agn\u00e8s\u2019s environmental activism, carried out among others by Fondation Tara Oc\u00e9an.<\/p>\n\n\n\n<h2 class=\"has-text-align-center has-large-font-size wp-block-heading\"><strong>History<\/strong><\/h2>\n\n\n\n<p class=\"has-medium-font-size\">In 1984, agn\u00e8s and Jean-Ren\u00e9 de Fleurieu launched \u201cla galerie du jour\u201d, a stone&#8217;s throw from the first boutique agn\u00e8s b. rue du jour, which opened in 1976, and opposite the &#8220;hole of Les Halles&#8221;, the recently demolished wholesale food market in Paris. \u201cLa librairie Christian Bourgois\u201d is created right next to la galerie du jour. In the bookstore, all the books were laid on the same table, the famous table that we owe to Les Jambons fran\u00e7ais, the former residents of the venue and that will be installed in La Fab.\u2019s bookstore.<\/p>\n\n\n\n<p class=\"has-medium-font-size\">In 1997, Jean Fournier called agn\u00e8s to ask her: &#8220;Shouldn\u2019t you move to my former gallery? They had been friends since agn\u00e8s had interned in his gallery located avenue Kl\u00e9ber, at the age of 17.\u00a0La galerie du jour then moved to rue Quincampoix.<\/p>\n\n\n\n<p class=\"has-medium-font-size\"><strong><mark style=\"background-color:rgba(0, 0, 0, 0)\" class=\"has-inline-color has-vivid-red-color\">Le Point d&#8217;Ironie<\/mark> <\/strong>: also in 1997, while having dinner at Lipp with artist Christian Boltanski and curator Hans Ulrich Obrist, agn\u00e8s b. launched le point d&#8217;ironie. This \u201chybrid periodical&#8221; offers an artist the opportunity to make this medium his own and bring it up to a singular work of art. The first edition of le point d\u2019ironie was published for le Festival de Cannes. This manifesto for independent cinema was designed by Jonas Mekas, who sadly passed away in 2019. By means of its gratuitousness and produced by agn\u00e8s, le point d&#8217;ironie series now comprises more than sixty issues.<\/p>\n\n\n\n<p class=\"has-medium-font-size\"><strong><mark style=\"background-color:rgba(0, 0, 0, 0)\" class=\"has-inline-color has-vivid-red-color\">agn\u00e8s b. endowment fund <\/mark><\/strong>: In 2009, agn\u00e8s decides to create fonds de dotation agn\u00e8s b., one of the first funds created in France after the Economic Modernization Act was brought into law on August 4, 2008, with the aim of structuring the endeavors in philanthropy, patronage and sponsorship that she had personally supported over the last forty years or so. In keeping with her desire to develop new venues in upcoming areas, agn\u00e8s met with J\u00e9r\u00f4me Coumet, mayor of the 13th arrondissement of Paris, in 2017 and decided to open La Fab., at place Jean-Michel Basquiat, in a neighborhood enjoying a cultural and architectural revival. A new and young Paris with a dazzling future!<\/p>\n\n\n\n<p class=\"has-medium-font-size\"><mark style=\"background-color:rgba(0, 0, 0, 0)\" class=\"has-inline-color has-vivid-red-color\"><strong>Galerie du Jour nomade<\/strong> <\/mark>: In 2018, la galerie du jour and la librairie du jour became itinerant, taking their program on the road prior to installation at La Fab., their brand new 1,400 sq. meter home designed by SOA Architectes, which opened in early 2020. I9n-between, two exhibitions featuring artists Carolyn Carlson and Elizabeth Daynes were organized at the headquarters of agn\u00e8s b., while the\u00a0<em>Modernity of Passions<\/em>\u00a0exhibition &#8211; designed by the national school of photography students&#8217;- was based on the agn\u00e8s b. collection and shown at the 2019 Rencontres d&#8217;Arles.<\/p>\n\n\n\n<div style=\"height:25px\" aria-hidden=\"true\" class=\"wp-block-spacer\"><\/div>\n\n\n\n<p><\/p>\n","protected":false},"excerpt":{"rendered":"<p>La Fab. Stylist, philanthropist and art collector agn\u00e8s b. has promoted artistic creation under all its forms, the environment and solidarity for many years. \u201cLa Fab.\u201d aims at bringing all these activities together under one single roof. Launched on February 1st, 2020, La Fab. presented a first exhibition entitled \u201cLa hardiesse\u201d (The boldness), which agn\u00e8s, <a href=\"https:\/\/la-fab.com\/en\/la-fab\/\" class=\"more-link\">&#8230;<\/a><\/p>\n","protected":false},"author":1,"featured_media":10574,"parent":0,"menu_order":8,"comment_status":"closed","ping_status":"closed","template":"page-la-fab.php","meta":{"_acf_changed":false,"footnotes":""},"class_list":["post-1967","page","type-page","status-publish","has-post-thumbnail","hentry"],"acf":[],"_links":{"self":[{"href":"https:\/\/la-fab.com\/en\/wp-json\/wp\/v2\/pages\/1967","targetHints":{"allow":["GET"]}}],"collection":[{"href":"https:\/\/la-fab.com\/en\/wp-json\/wp\/v2\/pages"}],"about":[{"href":"https:\/\/la-fab.com\/en\/wp-json\/wp\/v2\/types\/page"}],"author":[{"embeddable":true,"href":"https:\/\/la-fab.com\/en\/wp-json\/wp\/v2\/users\/1"}],"replies":[{"embeddable":true,"href":"https:\/\/la-fab.com\/en\/wp-json\/wp\/v2\/comments?post=1967"}],"version-history":[{"count":28,"href":"https:\/\/la-fab.com\/en\/wp-json\/wp\/v2\/pages\/1967\/revisions"}],"predecessor-version":[{"id":11146,"href":"https:\/\/la-fab.com\/en\/wp-json\/wp\/v2\/pages\/1967\/revisions\/11146"}],"wp:featuredmedia":[{"embeddable":true,"href":"https:\/\/la-fab.com\/en\/wp-json\/wp\/v2\/media\/10574"}],"wp:attachment":[{"href":"https:\/\/la-fab.com\/en\/wp-json\/wp\/v2\/media?parent=1967"}],"curies":[{"name":"wp","href":"https:\/\/api.w.org\/{rel}","templated":true}]}}