{"id":1975,"date":"2019-08-10T15:16:41","date_gmt":"2019-08-10T13:16:41","guid":{"rendered":"https:\/\/www.recette-sisso.fr\/lafab\/engagements-solidaires\/"},"modified":"2025-06-26T12:04:25","modified_gmt":"2025-06-26T10:04:25","slug":"our-commitments","status":"publish","type":"page","link":"https:\/\/la-fab.com\/en\/our-commitments\/","title":{"rendered":"Our commitments"},"content":{"rendered":"\n<h1 class=\"wp-block-heading has-vivid-red-color has-text-color\" style=\"font-size:37px;text-transform:none\"><strong>A lifetime commitement<\/strong><\/h1>\n\n\n\n<p class=\"has-medium-font-size\">Fonds de dotation agn\u00e8s b. was created in 2009 to structure philanthropy and sponsorship operations, in which the agn\u00e8s b. brand and agn\u00e8s in person have engaged for almost forty years. The endowment fund embodies a lifetime commitment and encapsulates a particular mindset: that of sharing.<\/p>\n\n\n\n<p class=\"has-medium-font-size\">Convinced that society\u00b4s future should rest upon solidarity and generosity, agn\u00e8s b. supports a large number of organizations engaging in humanitarian or social causes, as well as cultural projects.  <\/p>\n\n\n\n<h1 class=\"wp-block-heading has-vivid-red-color has-text-color\" style=\"font-size:37px;text-transform:none\"><strong>Understanding today&#8217;s world, supporting and innovating<\/strong><\/h1>\n\n\n\n<p class=\"has-medium-font-size\">The agn\u00e8s b. endowment fund&#8217;s collaboration with NGOs and organisations involves analyzing their short- and long-term challenges. The fund is not intended to replace the institution. Rather, it aims to supplement existing gaps or support and to provide assistance to cultural or solidarity actors outside the scope of public action.<\/p>\n\n\n\n<p class=\"has-medium-font-size\">Since 2020, the endowment fund has had its own location, La Fab., in which dissemination and mediation actions in favor of solidarity are regularly embodied, whether it be the organization of meetings, conferences and events.<\/p>\n\n\n\n<h1 class=\"wp-block-heading has-vivid-red-color has-text-color\" style=\"font-size:37px;text-transform:none\"><strong>Sharing and solidarity<\/strong><\/h1>\n\n\n\n<p class=\"has-medium-font-size\">agn\u00e8s b. has always been generous in many areas. In an effort to structure its work and to have a significant impact on the organizations and projects it supports, the endowment fund has refocused its efforts on three historical areas: extreme poverty, the fight against HIV\/AIDS, and populations in migration situations.<\/p>\n\n\n\n<h1 class=\"wp-block-heading has-vivid-red-color has-text-color\" style=\"font-size:37px;text-transform:none\"><strong>Art, culture and creation<\/strong><\/h1>\n\n\n\n<p class=\"has-medium-font-size\">The agn\u00e8s b. endowment fund has historically supported numerous projects at all stages of creation. Since the opening of its La Fab. venue in 2020, efforts dedicated to artistic projects have focused on initiatives that find expression there. Indeed, the exhibitions of the agn\u00e8s b. collection, the activities of the Gallery and the Librairie du Jour, within La Fab., support multiple projects for the creation, dissemination, and promotion of art and culture.<\/p>\n\n\n\n<h1 class=\"wp-block-heading has-vivid-red-color has-text-color\" style=\"font-size:37px;text-transform:none\"><strong>Showing art differently<\/strong><\/h1>\n\n\n\n<p class=\"has-medium-font-size\">Through the Galerie du Jour Agn\u00e8s B., opened in 1984 on Rue du Jour and then in 1997 on Rue Quincampoix in Paris, and various contemporary art fairs such as Paris Photo and Photodoc, the fund organizes several solo and group exhibitions each year. The fund is also responsible for preserving and presenting to the public Agn\u00e8s B.&#8217;s art collection, which currently comprises over 5,000 pieces. The collection has been exhibited by the Lille M\u00e9tropole Museum of Modern, Contemporary, and Outsider Art (LAM) in 2015, the National Museum of the History of Immigration in 2016, the Lambert Collection in Avignon in 2017, and the National School of Photography in Arles in 2019.<\/p>\n\n\n\n<h1 class=\"wp-block-heading has-vivid-red-color has-text-color\" style=\"font-size:37px;text-transform:none\"><strong>Tara and the commitment for the plane<\/strong>t<\/h1>\n\n\n\n<p class=\"has-medium-font-size\">The agn\u00e8s b. endowment fund environmental causes through the Tara Ocean Foundation, which is making remarkable progress in preserving the oceans. Studying and understanding the impact of climate change and the ecological crisis on the oceans is part of a humanist commitment and a sense of responsibility towards the planet and future generations.This ecological monitoring, scientific research, and public awareness campaign also became an artistic residency during the 2014 Mediterranean and 2016 Pacific missions, two initiatives fully supported by the agn\u00e8s b. endowment fund.<\/p>\n\n\n\n<div style=\"height:25px\" aria-hidden=\"true\" class=\"wp-block-spacer\"><\/div>\n\n\n<div class=\"wp-block-image\">\n<figure class=\"aligncenter\"><img loading=\"lazy\" decoding=\"async\" width=\"795\" height=\"357\" src=\"http:\/\/localhost:8888\/lafab_agnesb\/wp-content\/uploads\/2019\/08\/Coeurs-volants.png\" alt=\"\" class=\"wp-image-240\" srcset=\"https:\/\/la-fab.com\/wp-content\/uploads\/2019\/08\/Coeurs-volants.png 795w, https:\/\/la-fab.com\/wp-content\/uploads\/2019\/08\/Coeurs-volants-300x135.png 300w\" sizes=\"auto, (max-width: 795px) 100vw, 795px\" \/><\/figure>\n<\/div>\n\n\n<div style=\"height:50px\" aria-hidden=\"true\" class=\"wp-block-spacer\"><\/div>\n\n\n\n<div style=\"height:100px\" aria-hidden=\"true\" class=\"wp-block-spacer heightbandeau\"><\/div>\n","protected":false},"excerpt":{"rendered":"<p>A lifetime commitement Fonds de dotation agn\u00e8s b. was created in 2009 to structure philanthropy and sponsorship operations, in which the agn\u00e8s b. brand and agn\u00e8s in person have engaged for almost forty years. The endowment fund embodies a lifetime commitment and encapsulates a particular mindset: that of sharing. Convinced that society\u00b4s future should rest <a href=\"https:\/\/la-fab.com\/en\/our-commitments\/\" class=\"more-link\">&#8230;<\/a><\/p>\n","protected":false},"author":1,"featured_media":11684,"parent":0,"menu_order":19,"comment_status":"closed","ping_status":"closed","template":"page-presentation_engagements.php","meta":{"_acf_changed":false,"footnotes":""},"class_list":["post-1975","page","type-page","status-publish","has-post-thumbnail","hentry"],"acf":[],"_links":{"self":[{"href":"https:\/\/la-fab.com\/en\/wp-json\/wp\/v2\/pages\/1975","targetHints":{"allow":["GET"]}}],"collection":[{"href":"https:\/\/la-fab.com\/en\/wp-json\/wp\/v2\/pages"}],"about":[{"href":"https:\/\/la-fab.com\/en\/wp-json\/wp\/v2\/types\/page"}],"author":[{"embeddable":true,"href":"https:\/\/la-fab.com\/en\/wp-json\/wp\/v2\/users\/1"}],"replies":[{"embeddable":true,"href":"https:\/\/la-fab.com\/en\/wp-json\/wp\/v2\/comments?post=1975"}],"version-history":[{"count":16,"href":"https:\/\/la-fab.com\/en\/wp-json\/wp\/v2\/pages\/1975\/revisions"}],"predecessor-version":[{"id":11591,"href":"https:\/\/la-fab.com\/en\/wp-json\/wp\/v2\/pages\/1975\/revisions\/11591"}],"wp:featuredmedia":[{"embeddable":true,"href":"https:\/\/la-fab.com\/en\/wp-json\/wp\/v2\/media\/11684"}],"wp:attachment":[{"href":"https:\/\/la-fab.com\/en\/wp-json\/wp\/v2\/media?parent=1975"}],"curies":[{"name":"wp","href":"https:\/\/api.w.org\/{rel}","templated":true}]}}