{"id":2738,"date":"2019-10-07T09:45:25","date_gmt":"2019-10-07T07:45:25","guid":{"rendered":"https:\/\/www.recette-sisso.fr\/lafab\/la-collection\/historique\/"},"modified":"2024-12-06T16:43:22","modified_gmt":"2024-12-06T15:43:22","slug":"historique","status":"publish","type":"page","link":"https:\/\/la-fab.com\/en\/la-collection\/historique\/","title":{"rendered":"Archives"},"content":{"rendered":"\n<h2 class=\"has-text-align-center has-large-font-size wp-block-heading\">History of the agn\u00e8s b. collection.<\/h2>\n\n\n\n<p class=\"has-medium-font-size\" style=\"font-style:normal;font-weight:400\">In <strong>1992<\/strong>, the agn\u00e8s b. collection was shown for the first time at Espace des Arts, Chalon-sur-Sa\u00f4ne, in an exhibition entitled\u00a0<em>Un regard sur l\u2019art contemporain. La collection agn\u00e8s b,\u00a0<\/em>which then traveled to Mus\u00e9e Picasso in Antibes. <\/p>\n\n\n\n<p class=\"has-medium-font-size\" style=\"font-style:normal;font-weight:400\">Two subsequent exhibitions highlighted the collection\u2019s deep roots in photography: in 2002 at Centre National de la Photographie in Paris; and in <strong>2002 <\/strong>at Pavillon des Arts in Nogent-sur-Marne.<\/p>\n\n\n\n<p class=\"has-medium-font-size\" style=\"font-style:normal;font-weight:400\">In <strong>2004<\/strong>, Les Abattoirs de Toulouse held the first full-scale mixed-media presentation of the collection. <\/p>\n\n\n\n<p class=\"has-medium-font-size\" style=\"font-style:normal;font-weight:400\">In October <strong>2008<\/strong>, the prestigious C\/O Berlin showed photographs from the collection to coincide with the publication of a monograph of the collection edited by Editions JRP Ringier.<\/p>\n\n\n\n<p class=\"has-medium-font-size\" style=\"font-style:normal;font-weight:400\">In <strong>2015<\/strong>, LaM \u2014 the Lille Metropole Museum of modern art \u2014 held the exhibition\u00a0<em>Un regard sur la collection agn\u00e8s b.<\/em> (A look at the agn\u00e8s b. collection.)<\/p>\n\n\n\n<p class=\"has-medium-font-size\" style=\"font-style:normal;font-weight:400\">In <strong>2016<\/strong>, the collection took up residence in the Paris\u2019s Museum of the History of Immigration for a unique dialogue with contemporary pieces in the museum\u2019s collection as part of the\u00a0<em>Vivre!\u00a0<\/em>exhibition.<\/p>\n\n\n\n<p class=\"has-medium-font-size\" style=\"font-style:normal;font-weight:400\">In <strong>2017<\/strong>, no fewer than 400 works moved to La Collection Lambert in Avignon for\u00a0<em>On aime l\u2019art!\u00a0<\/em>Most recently, in 2019, the collection was invited to the National School of Photography in Arles for the inaugural exhibition of its new building.<\/p>\n\n\n\n<p class=\"has-medium-font-size\">The fonds de dotation agn\u00e8s b. maintains and presents this unique collection of contemporary art by lending numerous works every year to major exhibitions organized worldwide. In <strong>2020<\/strong>, in the 13th arrondissement of Paris, agn\u00e8s b. will fulfill one of her greatest dreams with the opening of La Fab, where her collection will be shown to the public. Each exhibition is a new opportunity to forge bonds between works, distill new meanings, and reveal coherence and shared sensitivities.<\/p>\n\n\n\n<div style=\"height:50px\" aria-hidden=\"true\" class=\"wp-block-spacer\"><\/div>\n\n\n\n<h1 class=\"has-text-align-center rouge helvetica wp-block-heading\">History of exhibitions at La Fab.<\/h1>\n\n\n   \n            <div class=\"events\">\n\n        \n                  \n              <div class=\"event\">\n              <a href=\"https:\/\/la-fab.com\/en\/evenements\/humanite-dans-la-collection-agnes-b\/\" class=\"plus\" id=\"plus_event_4\">\n                <div class=\"dates\"><p><\/p><\/div>\n                <div class=\"image_event\" id=\"image_event_4\" style=\"background:url('https:\/\/la-fab.com\/wp-content\/uploads\/2025\/09\/CP_Humanite-copie.png'); background-size:110%; background-position:center center;\">\n                 <\/div>\n          <img decoding=\"async\" class=\"vignette_img\" src=\"https:\/\/la-fab.com\/wp-content\/uploads\/2025\/09\/CP_Humanite-copie.png\" alt=\"\">\n\n                <h2>Humanity, in the agn\u00e8s b.&#8217;s Collection<\/h2>\n               <img decoding=\"async\" src=\"https:\/\/la-fab.com\/wp-content\/themes\/generic\/images\/arrow_red.png\" \/> Learn more<\/a>\n              <\/div>\n\n            \n                  \n              <div class=\"event\">\n              <a href=\"https:\/\/la-fab.com\/en\/evenements\/futura-2000-dans-la-collection-agnes-b-depuis-1984\/\" class=\"plus\" id=\"plus_event_5\">\n                <div class=\"dates\"><p><\/p><\/div>\n                <div class=\"image_event\" id=\"image_event_5\" style=\"background:url('https:\/\/la-fab.com\/wp-content\/uploads\/2025\/02\/Capture-decran-2025-02-28-165333.png'); background-size:110%; background-position:center center;\">\n                 <\/div>\n          <img decoding=\"async\" class=\"vignette_img\" src=\"https:\/\/la-fab.com\/wp-content\/uploads\/2025\/02\/Capture-decran-2025-02-28-165333.png\" alt=\"\">\n\n                <h2>Futura 2000 in agn\u00e8s b.\u2019s collection since 1984<\/h2>\n               <img decoding=\"async\" src=\"https:\/\/la-fab.com\/wp-content\/themes\/generic\/images\/arrow_red.png\" \/> Learn more<\/a>\n              <\/div>\n\n            \n                  \n              <div class=\"event\">\n              <a href=\"https:\/\/la-fab.com\/en\/evenements\/harmony-korine-in-agnes-b-collection-since-1997\/\" class=\"plus\" id=\"plus_event_6\">\n                <div class=\"dates\"><p><\/p><\/div>\n                <div class=\"image_event\" id=\"image_event_6\" style=\"background:url('https:\/\/la-fab.com\/wp-content\/uploads\/2024\/10\/Capture-de\u0301cran-2024-10-23-a\u0300-12.43.54-e1729680379779.png'); background-size:110%; background-position:center center;\">\n                 <\/div>\n          <img decoding=\"async\" class=\"vignette_img\" src=\"https:\/\/la-fab.com\/wp-content\/uploads\/2024\/10\/Capture-de\u0301cran-2024-10-23-a\u0300-12.43.54-e1729680379779.png\" alt=\"\">\n\n                <h2><strong>Harmony Korine in agn\u00e8s b. collection since 1997<\/strong><\/h2>\n               <img decoding=\"async\" src=\"https:\/\/la-fab.com\/wp-content\/themes\/generic\/images\/arrow_red.png\" \/> Learn more<\/a>\n              <\/div>\n\n            \n                  \n              <div class=\"event\">\n              <a href=\"https:\/\/la-fab.com\/en\/evenements\/la-peinture-figurative-contemporaine-dans-la-collection-agnes-b\/\" class=\"plus\" id=\"plus_event_7\">\n                <div class=\"dates\"><p><\/p><\/div>\n                <div class=\"image_event\" id=\"image_event_7\" style=\"background:url('https:\/\/la-fab.com\/wp-content\/uploads\/2024\/04\/crop-affiche-peinture-figurative-56x801-1.jpg'); background-size:110%; background-position:center center;\">\n                 <\/div>\n          <img decoding=\"async\" class=\"vignette_img\" src=\"https:\/\/la-fab.com\/wp-content\/uploads\/2024\/04\/crop-affiche-peinture-figurative-56x801-1.jpg\" alt=\"\">\n\n                <h2>Contemporary Figurative Painting * agn\u00e8s b. Collection<\/h2>\n               <img decoding=\"async\" src=\"https:\/\/la-fab.com\/wp-content\/themes\/generic\/images\/arrow_red.png\" \/> Learn more<\/a>\n              <\/div>\n\n            \n                  \n              <div class=\"event\">\n              <a href=\"https:\/\/la-fab.com\/en\/evenements\/musical-season-at-la-fab\/\" class=\"plus\" id=\"plus_event_8\">\n                <div class=\"dates\"><p><\/p><\/div>\n                <div class=\"image_event\" id=\"image_event_8\" style=\"background:url('https:\/\/la-fab.com\/wp-content\/uploads\/2024\/09\/Capture-de\u0301cran-2024-10-28-a\u0300-12.34.41.png'); background-size:110%; background-position:center center;\">\n                 <\/div>\n          <img decoding=\"async\" class=\"vignette_img\" src=\"https:\/\/la-fab.com\/wp-content\/uploads\/2024\/09\/Capture-de\u0301cran-2024-10-28-a\u0300-12.34.41.png\" alt=\"\">\n\n                <h2>Musical Season at La Fab.<\/h2>\n               <img decoding=\"async\" src=\"https:\/\/la-fab.com\/wp-content\/themes\/generic\/images\/arrow_red.png\" \/> Learn more<\/a>\n              <\/div>\n\n            \n                  \n              <div class=\"event\">\n              <a href=\"https:\/\/la-fab.com\/en\/evenements\/une-histoire-de-la-photographie-collection-agnes-b\/\" class=\"plus\" id=\"plus_event_9\">\n                <div class=\"dates\"><p><\/p><\/div>\n                <div class=\"image_event\" id=\"image_event_9\" style=\"background:url('https:\/\/la-fab.com\/wp-content\/uploads\/2023\/11\/Histoire.jpg'); background-size:110%; background-position:center center;\">\n                 <\/div>\n          <img decoding=\"async\" class=\"vignette_img\" src=\"https:\/\/la-fab.com\/wp-content\/uploads\/2023\/11\/Histoire.jpg\" alt=\"\">\n\n                <h2>A \u201chistory\u201d of photography * agn\u00e8s b.\u2019s Collection<\/h2>\n               <img decoding=\"async\" src=\"https:\/\/la-fab.com\/wp-content\/themes\/generic\/images\/arrow_red.png\" \/> Learn more<\/a>\n              <\/div>\n\n            \n                  \n              <div class=\"event\">\n              <a href=\"https:\/\/la-fab.com\/en\/evenements\/le-langage-du-corps\/\" class=\"plus\" id=\"plus_event_10\">\n                <div class=\"dates\"><p><\/p><\/div>\n                <div class=\"image_event\" id=\"image_event_10\" style=\"background:url('https:\/\/la-fab.com\/wp-content\/uploads\/2023\/06\/fb-cover-live1.png'); background-size:110%; background-position:center center;\">\n                 <\/div>\n          <img decoding=\"async\" class=\"vignette_img\" src=\"https:\/\/la-fab.com\/wp-content\/uploads\/2023\/06\/fb-cover-live1.png\" alt=\"\">\n\n                <h2>Body Langage &#8211; agn\u00e8s b.&#8217;s Collection<\/h2>\n               <img decoding=\"async\" src=\"https:\/\/la-fab.com\/wp-content\/themes\/generic\/images\/arrow_red.png\" \/> Learn more<\/a>\n              <\/div>\n\n            \n                  \n              <div class=\"event\">\n              <a href=\"https:\/\/la-fab.com\/en\/evenements\/group-show-bachelard-contemporain\/\" class=\"plus\" id=\"plus_event_11\">\n                <div class=\"dates\"><p><\/p><\/div>\n                <div class=\"image_event\" id=\"image_event_11\" style=\"background:url('https:\/\/la-fab.com\/wp-content\/uploads\/2023\/01\/unnamed.jpg'); background-size:110%; background-position:center center;\">\n                 <\/div>\n          <img decoding=\"async\" class=\"vignette_img\" src=\"https:\/\/la-fab.com\/wp-content\/uploads\/2023\/01\/unnamed.jpg\" alt=\"\">\n\n                <h2>GROUP SHOW : CONTEMPORARY BACHELARD<\/h2>\n               <img decoding=\"async\" src=\"https:\/\/la-fab.com\/wp-content\/themes\/generic\/images\/arrow_red.png\" \/> Learn more<\/a>\n              <\/div>\n\n            \n                  \n              <div class=\"event\">\n              <a href=\"https:\/\/la-fab.com\/en\/evenements\/poetry\/\" class=\"plus\" id=\"plus_event_12\">\n                <div class=\"dates\"><p><\/p><\/div>\n                <div class=\"image_event\" id=\"image_event_12\" style=\"background:url('https:\/\/la-fab.com\/wp-content\/uploads\/2022\/09\/invite-poesie2.jpg'); background-size:110%; background-position:center center;\">\n                 <\/div>\n          <img decoding=\"async\" class=\"vignette_img\" src=\"https:\/\/la-fab.com\/wp-content\/uploads\/2022\/09\/invite-poesie2.jpg\" alt=\"\">\n\n                <h2>POETRY IN THE AGN\u00c8S B. COLLECTION<\/h2>\n               <img decoding=\"async\" src=\"https:\/\/la-fab.com\/wp-content\/themes\/generic\/images\/arrow_red.png\" \/> Learn more<\/a>\n              <\/div>\n\n            \n\n    <\/div>\n\n\n\n\n    <div class=\"pagination\"><center><span class=\"current\">1<\/span><a href='https:\/\/la-fab.com\/en\/wp-json\/wp\/v2\/pages\/2738\/page\/2\/' class=\"inactive\">2<\/a><\/center><\/div>\n\n\n        \n\n\n<div style=\"height:100px\" aria-hidden=\"true\" class=\"wp-block-spacer\"><\/div>\n\n\n\n<h2 class=\"has-text-align-center mistral rouge wp-block-heading\">2019<\/h2>\n\n\n\n<p class=\"has-very-dark-gray-color has-text-color\"><strong><a href=\"https:\/\/www.ensp-arles.fr\/\">Modernity of passions<\/a><\/strong> National School of Photography, Arles, July 1 \u2013 July 10, 2019<br><strong>Curator<\/strong>: Fabien Vallos, teacher, &amp; Juliette Vignon, head of exhibitions, with Siouzie Albiach, Florent Basiletti, Antoine Brun, Th\u00e9a Gu\u00e9niot, L\u00e9a Thouin and Adrien Vargoz<\/p>\n\n\n\n<h2 class=\"has-text-align-center mistral rouge wp-block-heading\">2017<\/h2>\n\n\n\n<p class=\"has-very-dark-gray-color has-text-color\"><strong><a href=\"https:\/\/www.histoire-immigration.fr\/musee-numerique\/expositions-temporaires\/vivre\">Vivre&nbsp;!! 70 \u0153uvres de ma collection choisies par Sam Stourdz\u00e9<\/a><br><\/strong>Museum of the History of Immigration, Paris, October 18, 2016 \u2013 January 8, 2017<br><strong>Curator<\/strong>: Sam Stourdz\u00e9<\/p>\n\n\n\n<p class=\"has-very-dark-gray-color has-text-color\"><strong><a href=\"http:\/\/www.kyotographie.jp\/fundamental\/en\/portfolio\/agnes-b-photographic-collection\">Amour, amours &#8211; 70 photographs from my collection<\/a><br><\/strong>Kyotographie, Kyoto, April 26 \u2013 May 14, 2017<\/p>\n\n\n\n<p class=\"has-very-dark-gray-color has-text-color\"><strong><a href=\"http:\/\/www.collectionlambert.fr\/evenement\/278\/on-aime-l-art.html\">On aime l\u2019art\u2026&nbsp;! Un choix d\u2019Eric M\u00e9zil parmi les \u0153uvres de la collection agn\u00e8s b.<\/a><br><\/strong>Collection Lambert in Avignon, July 6 \u2013 November 5, 2017<br><strong>Curator<\/strong>: Eric M\u00e9zil<\/p>\n\n\n\n<h2 class=\"has-text-align-center mistral rouge wp-block-heading\">2015<\/h2>\n\n\n\n<p class=\"has-very-dark-gray-color has-text-color\"><strong><a href=\"https:\/\/www.musee-lam.fr\/fr\/un-regard-sur-la-collection-dagnes-b\">Un regard sur la collection d\u2019agn\u00e8s b.<\/a><br><\/strong>Lille M\u00e9tropole Museum of Modern Art (LaM), June 12 \u2013 August 23, 2015<br><strong>Curator<\/strong>: Marc Donnadieu<\/p>\n\n\n\n<h2 class=\"has-text-align-center mistral rouge wp-block-heading\">2008<\/h2>\n\n\n\n<p class=\"has-very-dark-gray-color has-text-color\"><strong><a href=\"https:\/\/www.co-berlin.org\/agnes-b\">agn\u00e8s b. collection of photography<\/a><br><\/strong>C\/O Berlin, October 11 \u2013 December 7, 2008<\/p>\n\n\n\n<h2 class=\"has-text-align-center mistral rouge wp-block-heading\">2004<\/h2>\n\n\n\n<p class=\"has-very-dark-gray-color has-text-color\"><strong><a href=\"https:\/\/www.lesabattoirs.org\/expositions\/la-collection-dart-contemporain-dagnes-b-je-minstalle-aux-abattoirs\">Je m\u2019installe aux Abattoirs, la collection d\u2019art contemporain d\u2019agn\u00e8s b.<\/a><\/strong><br>Les Abattoirs, Toulouse, April 9 \u2013 June 13, 2004<\/p>\n\n\n\n<h2 class=\"has-text-align-center mistral rouge wp-block-heading\">2002<\/h2>\n\n\n\n<p><strong>La collection de photographie d\u2019agn\u00e8s b.<br><\/strong>Palais des Arts, Nogent-sur-Marne, March 29 \u2013 June 6, 2002<\/p>\n\n\n\n<h2 class=\"has-text-align-center mistral rouge wp-block-heading\">2000<\/h2>\n\n\n\n<p><strong>La collection de photographie d\u2019agn\u00e8s b.<br><\/strong>Centre National de la Photographie, Paris, June 14 \u2013 August 21, 2000<\/p>\n\n\n\n<h2 class=\"has-text-align-center mistral rouge wp-block-heading\">1992<\/h2>\n\n\n\n<p><strong>Un regard sur l\u2019art contemporain. La collection d\u2019agn\u00e8s b.<br><\/strong>Espace des Arts, Chalon-sur-Sa\u00f4ne, January 1992<\/p>\n\n\n\n<p><strong>agn\u00e8s b.: un regard sur l\u2019art contemporain<br><\/strong>Mus\u00e9e Picasso, Antibes, April 25 \u2013 June 15, 1992<\/p>\n","protected":false},"excerpt":{"rendered":"<p>History of the agn\u00e8s b. collection. In 1992, the agn\u00e8s b. collection was shown for the first time at Espace des Arts, Chalon-sur-Sa\u00f4ne, in an exhibition entitled\u00a0Un regard sur l\u2019art contemporain. La collection agn\u00e8s b,\u00a0which then traveled to Mus\u00e9e Picasso in Antibes. Two subsequent exhibitions highlighted the collection\u2019s deep roots in photography: in 2002 at <a href=\"https:\/\/la-fab.com\/en\/la-collection\/historique\/\" class=\"more-link\">&#8230;<\/a><\/p>\n","protected":false},"author":1,"featured_media":10645,"parent":1968,"menu_order":12,"comment_status":"closed","ping_status":"closed","template":"page-historique_collection.php","meta":{"_acf_changed":false,"footnotes":""},"class_list":["post-2738","page","type-page","status-publish","has-post-thumbnail","hentry"],"acf":[],"_links":{"self":[{"href":"https:\/\/la-fab.com\/en\/wp-json\/wp\/v2\/pages\/2738","targetHints":{"allow":["GET"]}}],"collection":[{"href":"https:\/\/la-fab.com\/en\/wp-json\/wp\/v2\/pages"}],"about":[{"href":"https:\/\/la-fab.com\/en\/wp-json\/wp\/v2\/types\/page"}],"author":[{"embeddable":true,"href":"https:\/\/la-fab.com\/en\/wp-json\/wp\/v2\/users\/1"}],"replies":[{"embeddable":true,"href":"https:\/\/la-fab.com\/en\/wp-json\/wp\/v2\/comments?post=2738"}],"version-history":[{"count":26,"href":"https:\/\/la-fab.com\/en\/wp-json\/wp\/v2\/pages\/2738\/revisions"}],"predecessor-version":[{"id":11152,"href":"https:\/\/la-fab.com\/en\/wp-json\/wp\/v2\/pages\/2738\/revisions\/11152"}],"up":[{"embeddable":true,"href":"https:\/\/la-fab.com\/en\/wp-json\/wp\/v2\/pages\/1968"}],"wp:featuredmedia":[{"embeddable":true,"href":"https:\/\/la-fab.com\/en\/wp-json\/wp\/v2\/media\/10645"}],"wp:attachment":[{"href":"https:\/\/la-fab.com\/en\/wp-json\/wp\/v2\/media?parent=2738"}],"curies":[{"name":"wp","href":"https:\/\/api.w.org\/{rel}","templated":true}]}}