{"id":4262,"date":"2019-08-10T14:42:29","date_gmt":"2019-08-10T12:42:29","guid":{"rendered":"https:\/\/la-fab.com\/politique-de-confidentialite\/"},"modified":"2024-10-10T17:42:21","modified_gmt":"2024-10-10T15:42:21","slug":"politique-de-confidentialite","status":"publish","type":"page","link":"https:\/\/la-fab.com\/en\/politique-de-confidentialite\/","title":{"rendered":"PRIVACY POLICY"},"content":{"rendered":"\n<p><strong>PRIVACY POLICY<\/strong><\/p>\n\n\n\n<p><strong>ARTICLE 1 &#8211; PREAMBLE<\/strong><\/p>\n\n\n\n<p>This privacy policy applies to the site: <a href=\"https:\/\/la-fab.com\">www.la-fab.com<\/a> <\/p>\n\n\n\n<p>The purpose of this privacy policy is to expose users\nof the site:<\/p>\n\n\n\n<ul class=\"wp-block-list\">\n<li>how\ntheir personal data is collected. All data that can identify a user should be\nconsidered as personal data. This includes first name, surname, age, postal\naddress, e-mail address, location of the user or IP address:<\/li>\n<\/ul>\n\n\n\n<ul class=\"wp-block-list\">\n<li>&nbsp;what are the rights of the users concerning\nthese data;<\/li>\n<\/ul>\n\n\n\n<ul class=\"wp-block-list\">\n<li>&nbsp;who is responsible for processing the personal\ndata collected and processed;<\/li>\n<\/ul>\n\n\n\n<ul class=\"wp-block-list\">\n<li>&nbsp;to whom this data is transmitted;<\/li>\n<\/ul>\n\n\n\n<p>This privacy policy complements the General Terms and Conditions of Sale, which users can consult at the address below: <a href=\"https:\/\/la-fab.com\/en\/politique-de-confidentialite\/\">www.la-fab.com\/en\/politique-de-confidentialite\/<\/a><\/p>\n\n\n\n<p>The data controller reserves the right to modify this\nprivacy policy to ensure compliance with applicable law.<\/p>\n\n\n\n<p><strong>ARTICLE 2 &#8211; PERSONAL DATA\nCOLLECTED AND PROCESSED IN THE FRAMEWORK OF BROWSING AND USE OF THE SITE<\/strong><\/p>\n\n\n\n<p><strong>A -Data collected and\nprocessed and method of collection<\/strong><\/p>\n\n\n\n<p>i) Newsletter subscription:<\/p>\n\n\n\n<p>Subject to the express consent of the user, collected\nwhen registering for the LA FAB newsletter, the following personal data is collected:<\/p>\n\n\n\n<p><strong>&nbsp;&nbsp;&nbsp;&nbsp;&nbsp;&nbsp;&nbsp;&nbsp;&nbsp;&nbsp;&nbsp;&nbsp;&nbsp;&nbsp;&nbsp;&nbsp;&nbsp;&nbsp;&nbsp;&nbsp;&nbsp;&nbsp;&nbsp; E-mail address<\/strong><\/p>\n\n\n\n<p>ii) Buying tickets at the FOB box office<\/p>\n\n\n\n<p>When the user makes a purchase at LA FAB&#8217;s box office,\nthe following personal data is collected:<\/p>\n\n\n\n<p><strong>&nbsp;&nbsp;&nbsp;&nbsp;&nbsp;&nbsp;&nbsp;&nbsp;&nbsp;&nbsp;&nbsp;&nbsp;&nbsp;&nbsp;&nbsp;&nbsp;&nbsp;&nbsp;&nbsp;&nbsp;&nbsp;&nbsp;&nbsp; Surname, first name, postal address,\ntelephone number, e-mail address<\/strong><\/p>\n\n\n\n<p>LA FAB will store all the data collected in its site&#8217;s\ncomputer systems under reasonable security conditions.<\/p>\n\n\n\n<p>LA FAB will regularly review the personal data held,\nand will delete those that are no longer required. No personal data will be\nheld for more than five years. After this period, such data may be anonymised\nand retained by LA FAB for legal or statistical purposes. <\/p>\n\n\n\n<p>The user&#8217;s bank details are not kept beyond the\npurchase, unless the user has consented to their being saved in his\/her\naccount. In any case, the cryptogram is never kept by LA FAB.<\/p>\n\n\n\n<p><strong>B &#8211; Transmission of data to a\nthird party<\/strong><\/p>\n\n\n\n<p>LA FAB may communicate personal data to its\nsubcontractors and suppliers. For example, when the user makes a purchase on\nthe site, his or her details will be communicated to the service provider\nresponsible for delivering the order. <\/p>\n\n\n\n<p>The data collected and processed by the site are exclusively\nhosted and processed in France.<\/p>\n\n\n\n<p><strong>ARTICLE 3 &#8211; DATA PROCESSING\nMANAGER AND DATA PROTECTION DELEGATE<\/strong><\/p>\n\n\n\n<p>The processing manager of personal data is: <strong>Le Fonds de dotation Agn\u00e8s troubl\u00e9 dite\nagn\u00e8s b.<\/strong><\/p>\n\n\n\n<p>It can be contacted by e-mail at the address: stephane.lapierre@agnesb.fr, by phone on +33 (0)1 87 44 35 78, or by post at the following address: <\/p>\n\n\n\n<p>Fonds de dotation Agn\u00e8s Troubl\u00e9 dite agn\u00e8s b.<\/p>\n\n\n\n<p>17 rue Dieu <\/p>\n\n\n\n<p>75010 PARIS<\/p>\n\n\n\n<p>tel : +33 (0)1 87 44 35 73<\/p>\n\n\n\n<p>The data processing manager shall be responsible for\ndetermining the purposes and means of processing personal data.<\/p>\n\n\n\n<p><strong>A &#8211; Obligations of the data\ncontroller<\/strong><\/p>\n\n\n\n<p>The data controller undertakes to protect the personal\ndata collected, and to respect the purposes for which such data were collected.<\/p>\n\n\n\n<p>The site has an SSL certificate to ensure that the\ninformation and data transferred through the site are secure. An SSL certificate\n(&#8220;Secure Socket Layer&#8221; Certificate) is intended to secure the data\nexchanged between the user and the site <a href=\"#casecheant\">[where applicable]<\/a>.<\/p>\n\n\n\n<p>The data controller undertakes to notify the user in\nthe event of rectification or deletion of the data, unless this would entail\ndisproportionate formalities, costs and actions for the user.<\/p>\n\n\n\n<p>In the event that the integrity, confidentiality or\nsecurity of the user&#8217;s personal data is compromised, the data controller\nundertakes to inform the user by any means.<\/p>\n\n\n\n<p id=\"casecheant\"><strong>C -The Data Protection Officer\n[if applicable]<\/strong><\/p>\n\n\n\n<p>In addition, the user is informed that the following\nperson has been appointed Data Protection Officer: St\u00e9phane Lapierre. <\/p>\n\n\n\n<p>The role of the Data Protection Officer is to ensure\nthe proper application of national and supranational provisions relating to the\ncollection and processing of personal data.<\/p>\n\n\n\n<p>He can be contacted by e-mail at the following address <a href=\"mailto:stephane.lapierre@agnesb.fr\">stephane.lapierre@agnesb.fr<\/a> <strong><br><\/strong>tel : +33 (0)1 87 44 35 73<\/p>\n\n\n\n<p><strong>ARTICLE 4 &#8211; USER&#8217;S RIGHTS<\/strong><\/p>\n\n\n\n<p>In accordance with the regulations concerning the\nprocessing of personal data, the user has the following rights listed below:<\/p>\n\n\n\n<p><strong>A. A. Right of access,\nrectification and deletion<\/strong><\/p>\n\n\n\n<p>The user can view, update, modify or request the\ndeletion of data concerning him\/her.<\/p>\n\n\n\n<p>If he has one, the user has the right to request the\ndeletion of his personal space.<\/p>\n\n\n\n<p><strong>B. Right to data portability <\/strong><\/p>\n\n\n\n<p>The user has the right to request the portability of\nhis data, held by the site, to another.<\/p>\n\n\n\n<p><strong>C. Right to limit and oppose\nthe processing of data<\/strong><\/p>\n\n\n\n<p>The user has the right to request the limitation or to\noppose the processing of his data by the site, without the site being able to\nrefuse, unless it can demonstrate the existence of legitimate and compelling\nreasons, which may prevail over the interests and the rights and freedoms of\nthe user.<\/p>\n\n\n\n<p>For any information concerning his rights, or to\nexercise them, the user must write to the data controller at the following\naddress: <a href=\"mailto:stephane.lapierre@agnesb.fr\">stephane.lapierre@agnesb.fr<\/a>.\n<\/p>\n\n\n\n<p>In order for the data controller to comply with the\nrequest, the user is required to communicate to the data controller: his first\nand last names as well as his e-mail address, and, if relevant, his account or\npersonal space or subscriber number.<\/p>\n\n\n\n<p>The data controller is obliged to reply to the user\nwithin 30 days.<\/p>\n\n\n\n<p><strong>D. Right of recourse to the\ncompetent authority<\/strong><\/p>\n\n\n\n<p>In the event that the data controller does not respond\nto the user&#8217;s request, or if he believes that his rights are being infringed,\nhe is entitled to refer the matter to the CNIL or any competent judge.<\/p>\n\n\n\n<p><\/p>\n\n\n\n<p><strong>ARTICLE 5 \u2013 SITE HOSTING<\/strong><\/p>\n\n\n\n<p>Host : <strong>SIMPLEREZO SARL, RCS Paris B 488 644 931<\/strong><\/p>\n\n\n\n<p>Address : <strong>107 rue de la R\u00e9union, 75020 PARIS, FRANCE<\/strong><\/p>\n\n\n\n<p>Contact : <a rel=\"noreferrer noopener\" href=\"https:\/\/www.simplerezo.com\/contact\" target=\"_blank\">https:\/\/www.simplerezo.com\/contact<\/a><\/p>\n\n\n\n<p>Phone number: +33 825 590 421<\/p>\n","protected":false},"excerpt":{"rendered":"<p>PRIVACY POLICY ARTICLE 1 &#8211; PREAMBLE This privacy policy applies to the site: www.la-fab.com The purpose of this privacy policy is to expose users of the site: This privacy policy complements the General Terms and Conditions of Sale, which users can consult at the address below: www.la-fab.com\/en\/politique-de-confidentialite\/ The data controller reserves the right to modify <a href=\"https:\/\/la-fab.com\/en\/politique-de-confidentialite\/\" class=\"more-link\">&#8230;<\/a><\/p>\n","protected":false},"author":1,"featured_media":2584,"parent":0,"menu_order":31,"comment_status":"closed","ping_status":"open","template":"","meta":{"_acf_changed":false,"footnotes":""},"class_list":["post-4262","page","type-page","status-publish","has-post-thumbnail","hentry"],"acf":[],"_links":{"self":[{"href":"https:\/\/la-fab.com\/en\/wp-json\/wp\/v2\/pages\/4262","targetHints":{"allow":["GET"]}}],"collection":[{"href":"https:\/\/la-fab.com\/en\/wp-json\/wp\/v2\/pages"}],"about":[{"href":"https:\/\/la-fab.com\/en\/wp-json\/wp\/v2\/types\/page"}],"author":[{"embeddable":true,"href":"https:\/\/la-fab.com\/en\/wp-json\/wp\/v2\/users\/1"}],"replies":[{"embeddable":true,"href":"https:\/\/la-fab.com\/en\/wp-json\/wp\/v2\/comments?post=4262"}],"version-history":[{"count":5,"href":"https:\/\/la-fab.com\/en\/wp-json\/wp\/v2\/pages\/4262\/revisions"}],"predecessor-version":[{"id":10719,"href":"https:\/\/la-fab.com\/en\/wp-json\/wp\/v2\/pages\/4262\/revisions\/10719"}],"wp:featuredmedia":[{"embeddable":true,"href":"https:\/\/la-fab.com\/en\/wp-json\/wp\/v2\/media\/2584"}],"wp:attachment":[{"href":"https:\/\/la-fab.com\/en\/wp-json\/wp\/v2\/media?parent=4262"}],"curies":[{"name":"wp","href":"https:\/\/api.w.org\/{rel}","templated":true}]}}